{"id":34,"date":"2026-04-24T13:07:57","date_gmt":"2026-04-24T13:07:57","guid":{"rendered":"https:\/\/xn--snxutthngmisnphmtheoyucu-lgc758btlg920elbao4c6esc.vn\/?page_id=34"},"modified":"2026-04-24T13:07:57","modified_gmt":"2026-04-24T13:07:57","slug":"diblanc","status":"publish","type":"page","link":"https:\/\/xn--snxutthngmisnphmtheoyucu-lgc758btlg920elbao4c6esc.vn\/?page_id=34","title":{"rendered":"DIBLANC"},"content":{"rendered":"\n<p>DIBLANC kh\u00f4ng ch\u1ec9 \u0111\u01a1n thu\u1ea7n l\u00e0 m\u1ed9t th\u01b0\u01a1ng hi\u1ec7u m\u1ef9 ph\u1ea9m, m\u00e0 l\u00e0 l\u1eddi kh\u1eb3ng \u0111\u1ecbnh v\u1ec1 <strong>gi\u00e1 tr\u1ecb c\u1ed1t l\u00f5i c\u1ee7a v\u1ebb \u0111\u1eb9p nguy\u00ean b\u1ea3n<\/strong> trong nh\u1ecbp s\u1ed1ng hi\u1ec7n \u0111\u1ea1i. Tinh th\u1ea7n c\u1ee7a nh\u00e3n hi\u1ec7u n\u1eb1m \u1edf s\u1ef1 giao thoa gi\u1eefa l\u00f2ng t\u1ef1 h\u00e0o d\u00e2n t\u1ed9c v\u00e0 ti\u00eau chu\u1ea9n th\u1ea9m m\u1ef9 qu\u1ed1c t\u1ebf, n\u01a1i m\u1ed7i s\u1ea3n ph\u1ea9m \u0111\u01b0\u1ee3c xem nh\u01b0 m\u1ed9t l\u1eddi cam k\u1ebft v\u1ec1 s\u1ef1 t\u1eadn t\u00e2m, tinh t\u1ebf v\u00e0 th\u1ea5u hi\u1ec3u s\u00e2u s\u1eafc l\u00e0n da Vi\u1ec7t. Ch\u00fang t\u00f4i tin r\u1eb1ng m\u1ef9 ph\u1ea9m kh\u00f4ng ch\u1ec9 \u0111\u1ec3 c\u1ea3i thi\u1ec7n di\u1ec7n m\u1ea1o, m\u00e0 c\u00f2n l\u00e0 c\u00f4ng c\u1ee5 \u0111\u1ec3 m\u1ed7i c\u00e1 nh\u00e2n t\u00ecm th\u1ea5y s\u1ef1 t\u1ef1 tin v\u00e0 ph\u1ea3n chi\u1ebfu phong c\u00e1ch s\u1ed1ng v\u0103n minh, b\u1ec1n v\u1eefng.<\/p>\n\n\n\n<p>Tr\u00ean ph\u01b0\u01a1ng di\u1ec7n chi\u1ebfn l\u01b0\u1ee3c, DIBLANC x\u00e2y d\u1ef1ng h\u1ec7 sinh th\u00e1i marketing d\u1ef1a tr\u00ean s\u1ef1 <strong>minh b\u1ea1ch v\u00e0 k\u1ebft n\u1ed1i c\u1ea3m x\u00fac<\/strong>. Ch\u00fang t\u00f4i kh\u00f4ng ch\u1ea1y theo nh\u1eefng xu h\u01b0\u1edbng nh\u1ea5t th\u1eddi m\u00e0 t\u1eadp trung v\u00e0o vi\u1ec7c ki\u1ebfn t\u1ea1o nh\u1eefng c\u00e2u chuy\u1ec7n th\u01b0\u01a1ng hi\u1ec7u c\u00f3 chi\u1ec1u s\u00e2u, n\u01a1i kh\u00e1ch h\u00e0ng th\u1ef1c s\u1ef1 c\u1ea3m nh\u1eadn \u0111\u01b0\u1ee3c s\u1ef1 \u0111\u1ed3ng h\u00e0nh trong h\u00e0nh tr\u00ecnh ch\u0103m s\u00f3c b\u1ea3n th\u00e2n. V\u1edbi s\u1ef1 nh\u1ea1y b\u00e9n trong vi\u1ec7c n\u1eafm b\u1eaft th\u1ecb hi\u1ebfu, DIBLANC \u0111\u1ecbnh v\u1ecb m\u00ecnh l\u00e0 m\u1ed9t bi\u1ec3u t\u01b0\u1ee3ng c\u1ee7a s\u1ef1 sang tr\u1ecdng hi\u1ec7n \u0111\u1ea1i nh\u01b0ng v\u1eabn g\u1ea7n g\u0169i, t\u1ea1o n\u00ean m\u1ed9t s\u1ee9c h\u00fat ri\u00eang bi\u1ec7t tr\u00ean b\u1ea3n \u0111\u1ed3 m\u1ef9 ph\u1ea9m n\u1ed9i \u0111\u1ecba.<\/p>\n\n\n\n<hr class=\"wp-block-separator has-alpha-channel-opacity\"\/>\n\n\n\n<p><strong>li\u00ean h\u1ec7 h\u1ee3p t\u00e1c:<\/strong><\/p>\n\n\n\n<p>\u0110\u1ec3 nh\u1eadn b\u1ed9 t\u00e0i li\u1ec7u marketing chi ti\u1ebft c\u0169ng nh\u01b0 t\u00ecm hi\u1ec3u th\u00eam v\u1ec1 t\u1ea7m nh\u00ecn th\u01b0\u01a1ng hi\u1ec7u, qu\u00fd \u0111\u1ed1i t\u00e1c vui l\u00f2ng g\u1eedi email v\u1ec1 cho ch\u00fang t\u00f4i,<\/p>\n\n\n\n<p>Ch\u00fang t\u00f4i r\u1ea5t mong mu\u1ed1n \u0111\u01b0\u1ee3c k\u1ebft n\u1ed1i v\u1edbi c\u00e1c \u0111\u01a1n v\u1ecb c\u00f3 c\u00f9ng \u0111\u1ecbnh h\u01b0\u1edbng \u0111\u1ec3 c\u00f9ng th\u1ea3o lu\u1eadn v\u1ec1 c\u00e1c ph\u01b0\u01a1ng \u00e1n h\u1ee3p t\u00e1c s\u1ea3n xu\u1ea5t v\u00e0 ph\u00e1t tri\u1ec3n h\u1ec7 th\u1ed1ng ph\u00e2n ph\u1ed1i chi\u1ebfn l\u01b0\u1ee3c, \u0111\u01b0a DIBLANC v\u01b0\u01a1n xa h\u01a1n tr\u00ean th\u1ecb tr\u01b0\u1eddng. Hi\u1ec7n nay ch\u00fang t\u00f4i \u0111ang ph\u00e1t tri\u1ec3n c\u00f9ng v\u1edbi c\u00e1c \u0111\u1ed1i t\u00e1c nh\u01b0 Aryup \u0111\u1ec3 nghi\u00ean c\u1ee9u v\u00e0 ph\u00e1t tri\u1ec3n s\u1ea3n ph\u1ea9m , c\u0169ng nh\u01b0 marketing truy\u1ec1n th\u00f4ng cho s\u1ea3n ph\u1ea9m Diblanc .<\/p>\n\n\n\n<p>Nh\u00e3n hi\u1ec7u \u0111\u00e3 b\u1ea3o h\u1ed9 theo s\u1ed1:  4-0553210-000 .<br><br><\/p>\n\n\n\n<figure class=\"wp-block-image size-large\"><img loading=\"lazy\" decoding=\"async\" width=\"1024\" height=\"742\" src=\"https:\/\/xn--snxutthngmisnphmtheoyucu-lgc758btlg920elbao4c6esc.vn\/wp-content\/uploads\/2026\/04\/Gemini_Generated_Image_xhmwgjxhmwgjxhmw-1024x742.png\" alt=\"diblanc\" class=\"wp-image-35\" srcset=\"https:\/\/xn--snxutthngmisnphmtheoyucu-lgc758btlg920elbao4c6esc.vn\/wp-content\/uploads\/2026\/04\/Gemini_Generated_Image_xhmwgjxhmwgjxhmw-1024x742.png 1024w, https:\/\/xn--snxutthngmisnphmtheoyucu-lgc758btlg920elbao4c6esc.vn\/wp-content\/uploads\/2026\/04\/Gemini_Generated_Image_xhmwgjxhmwgjxhmw-300x217.png 300w, https:\/\/xn--snxutthngmisnphmtheoyucu-lgc758btlg920elbao4c6esc.vn\/wp-content\/uploads\/2026\/04\/Gemini_Generated_Image_xhmwgjxhmwgjxhmw-768x557.png 768w, https:\/\/xn--snxutthngmisnphmtheoyucu-lgc758btlg920elbao4c6esc.vn\/wp-content\/uploads\/2026\/04\/Gemini_Generated_Image_xhmwgjxhmwgjxhmw.png 1214w\" sizes=\"auto, (max-width: 1024px) 100vw, 1024px\" \/><\/figure>\n","protected":false},"excerpt":{"rendered":"<p>DIBLANC kh\u00f4ng ch\u1ec9 \u0111\u01a1n thu\u1ea7n l\u00e0 m\u1ed9t th\u01b0\u01a1ng hi\u1ec7u m\u1ef9 ph\u1ea9m, m\u00e0 l\u00e0 l\u1eddi kh\u1eb3ng \u0111\u1ecbnh v\u1ec1 gi\u00e1 tr\u1ecb c\u1ed1t&hellip;<\/p>\n","protected":false},"author":1,"featured_media":0,"parent":0,"menu_order":0,"comment_status":"closed","ping_status":"closed","template":"","meta":{"footnotes":""},"class_list":["post-34","page","type-page","status-publish","hentry"],"_links":{"self":[{"href":"https:\/\/xn--snxutthngmisnphmtheoyucu-lgc758btlg920elbao4c6esc.vn\/index.php?rest_route=\/wp\/v2\/pages\/34","targetHints":{"allow":["GET"]}}],"collection":[{"href":"https:\/\/xn--snxutthngmisnphmtheoyucu-lgc758btlg920elbao4c6esc.vn\/index.php?rest_route=\/wp\/v2\/pages"}],"about":[{"href":"https:\/\/xn--snxutthngmisnphmtheoyucu-lgc758btlg920elbao4c6esc.vn\/index.php?rest_route=\/wp\/v2\/types\/page"}],"author":[{"embeddable":true,"href":"https:\/\/xn--snxutthngmisnphmtheoyucu-lgc758btlg920elbao4c6esc.vn\/index.php?rest_route=\/wp\/v2\/users\/1"}],"replies":[{"embeddable":true,"href":"https:\/\/xn--snxutthngmisnphmtheoyucu-lgc758btlg920elbao4c6esc.vn\/index.php?rest_route=%2Fwp%2Fv2%2Fcomments&post=34"}],"version-history":[{"count":1,"href":"https:\/\/xn--snxutthngmisnphmtheoyucu-lgc758btlg920elbao4c6esc.vn\/index.php?rest_route=\/wp\/v2\/pages\/34\/revisions"}],"predecessor-version":[{"id":36,"href":"https:\/\/xn--snxutthngmisnphmtheoyucu-lgc758btlg920elbao4c6esc.vn\/index.php?rest_route=\/wp\/v2\/pages\/34\/revisions\/36"}],"wp:attachment":[{"href":"https:\/\/xn--snxutthngmisnphmtheoyucu-lgc758btlg920elbao4c6esc.vn\/index.php?rest_route=%2Fwp%2Fv2%2Fmedia&parent=34"}],"curies":[{"name":"wp","href":"https:\/\/api.w.org\/{rel}","templated":true}]}}