{"id":37,"date":"2026-04-24T13:18:53","date_gmt":"2026-04-24T13:18:53","guid":{"rendered":"https:\/\/xn--snxutthngmisnphmtheoyucu-lgc758btlg920elbao4c6esc.vn\/?page_id=37"},"modified":"2026-04-24T13:18:53","modified_gmt":"2026-04-24T13:18:53","slug":"selamlique","status":"publish","type":"page","link":"https:\/\/xn--snxutthngmisnphmtheoyucu-lgc758btlg920elbao4c6esc.vn\/?page_id=37","title":{"rendered":"SELAMLIQUE"},"content":{"rendered":"\n<p>SELAMLIQUE  kh\u00f4ng ch\u1ec9 l\u00e0 m\u1ed9t t\u00e1ch c\u00e0 ph\u00ea, m\u00e0 l\u00e0 m\u1ed9t cu\u1ed9c h\u1ed9i ng\u1ed9 gi\u1eefa <strong>di s\u1ea3n v\u0103n h\u00f3a th\u01b0\u1ee3ng l\u01b0u<\/strong> v\u00e0 s\u1ef1 tinh t\u1ebf trong phong c\u00e1ch th\u01b0\u1edfng th\u1ee9c hi\u1ec7n \u0111\u1ea1i. Tinh th\u1ea7n c\u1ee7a nh\u00e3n hi\u1ec7u \u0111\u1ea1i di\u1ec7n cho m\u1ed9t l\u1ed1i s\u1ed1ng duy m\u1ef9, n\u01a1i m\u1ed7i h\u1ea1t c\u00e0 ph\u00ea \u0111\u01b0\u1ee3c n\u00e2ng t\u1ea7m th\u00e0nh m\u1ed9t t\u00e1c ph\u1ea9m ngh\u1ec7 thu\u1eadt, kh\u01a1i g\u1ee3i ni\u1ec1m c\u1ea3m h\u1ee9ng v\u1ec1 m\u1ed9t kh\u00f4ng gian s\u1ed1ng sang tr\u1ecdng, t\u0129nh l\u1eb7ng nh\u01b0ng \u0111\u1ea7y chi\u1ec1u s\u00e2u. SELAMLIQUE kh\u00f4ng ch\u1ec9 b\u00e1n c\u00e0 ph\u00ea, ch\u00fang t\u00f4i mang \u0111\u1ebfn tr\u1ea3i nghi\u1ec7m v\u1ec1 s\u1ef1 l\u1ecbch l\u00e3m, bi\u1ebfn nghi th\u1ee9c th\u01b0\u1edfng th\u1ee9c h\u00e0ng ng\u00e0y tr\u1edf th\u00e0nh m\u1ed9t kho\u1ea3nh kh\u1eafc k\u1ebft n\u1ed1i t\u00e2m h\u1ed3n v\u00e0 kh\u1eb3ng \u0111\u1ecbnh \u0111\u1eb3ng c\u1ea5p c\u00e1 nh\u00e2n.<\/p>\n\n\n\n<p>V\u1ec1 m\u1eb7t chi\u1ebfn l\u01b0\u1ee3c, SELAMLIQUE \u0111\u1ecbnh v\u1ecb m\u00ecnh trong ph\u00e2n kh\u00fac <strong>Premium Lifestyle<\/strong>, t\u1eadp trung v\u00e0o vi\u1ec7c x\u00e2y d\u1ef1ng nh\u1eefng gi\u00e1 tr\u1ecb v\u0103n h\u00f3a \u0111\u1ed9c b\u1ea3n. Marketing c\u1ee7a th\u01b0\u01a1ng hi\u1ec7u kh\u00f4ng t\u1eadp trung v\u00e0o s\u1ed1 \u0111\u00f4ng, m\u00e0 h\u01b0\u1edbng \u0111\u1ebfn nh\u1eefng kh\u00e1ch h\u00e0ng c\u00f3 gu th\u1ea9m m\u1ef9 kh\u1eaft khe, nh\u1eefng ng\u01b0\u1eddi t\u00ecm ki\u1ebfm s\u1ef1 ho\u00e0n h\u1ea3o t\u1eeb h\u01b0\u01a1ng v\u1ecb \u0111\u1ebfn phong c\u00e1ch tr\u00ecnh b\u00e0y. Ch\u00fang t\u00f4i ki\u1ebfn t\u1ea1o m\u1ed9t ng\u00f4n ng\u1eef th\u01b0\u01a1ng hi\u1ec7u tinh gi\u1ea3n nh\u01b0ng quy\u1ec1n n\u0103ng, s\u1eed d\u1ee5ng s\u1ee9c m\u1ea1nh c\u1ee7a s\u1ef1 sang tr\u1ecdng \u0111\u1ec3 t\u1ea1o n\u00ean m\u1ed9t c\u1ed9ng \u0111\u1ed3ng nh\u1eefng ng\u01b0\u1eddi s\u00e0nh s\u1ecfi, n\u01a1i c\u00e0 ph\u00ea l\u00e0 \u0111i\u1ec3m kh\u1edfi \u0111\u1ea7u cho nh\u1eefng c\u00e2u chuy\u1ec7n \u0111\u1ea7y c\u1ea3m h\u1ee9ng v\u00e0 nh\u1eefng m\u1ed1i quan h\u1ec7 b\u1ec1n v\u1eefng.<\/p>\n\n\n\n<hr class=\"wp-block-separator has-alpha-channel-opacity\"\/>\n\n\n\n<p><strong> Li\u00ean h\u1ec7 \u0111\u1ed1i t\u00e1c:<\/strong><\/p>\n\n\n\n<p>N\u1ebfu qu\u00fd v\u1ecb quan t\u00e2m \u0111\u1ebfn vi\u1ec7c nh\u1eadn b\u1ed9 t\u00e0i li\u1ec7u marketing tham kh\u1ea3o ho\u1eb7c mong mu\u1ed1n trao \u0111\u1ed5i v\u1ec1 c\u01a1 h\u1ed9i h\u1ee3p t\u00e1c chi\u1ebfn l\u01b0\u1ee3c trong s\u1ea3n xu\u1ea5t v\u00e0 ph\u00e1t tri\u1ec3n m\u1ea1ng l\u01b0\u1edbi ph\u00e2n ph\u1ed1i, vui l\u00f2ng li\u00ean h\u1ec7 v\u1edbi ch\u00fang t\u00f4i.<\/p>\n\n\n\n<p>Ch\u00fang t\u00f4i lu\u00f4n hoan ngh\u00eanh nh\u1eefng \u0111\u1ed1i t\u00e1c c\u00f3 c\u00f9ng t\u1ea7m nh\u00ecn \u0111\u1ec3 c\u00f9ng nhau \u0111\u1ecbnh ngh\u0129a l\u1ea1i chu\u1ea9n m\u1ef1c c\u00e0 ph\u00ea cao c\u1ea5p t\u1ea1i Vi\u1ec7t Nam. SELAMLIQUE  \u0111\u01b0\u1ee3c b\u1ea3o h\u1ed9 theo s\u1ed1 : 4-0462438-000 . S\u1ea3n ph\u1ea9m c\u00f3 c\u00e1c v\u1ecb robusta v\u00e0 arabica t\u1eeb c\u00e1c nh\u00e0 v\u01b0\u1eddn t\u1ea1i Vi\u1ec7t Nam . ch\u00fang t\u00f4i c\u00f3 h\u1ee3p \u0111\u1ed3ng v\u1ec1 marketing v\u1edbi Aryup trong vi\u1ec7c ph\u00e1t tri\u1ec3n s\u1ea3n ph\u1ea9m ph\u00f9 h\u1ee3p th\u1ecb hi\u1ebfu v\u00e0 marketing t\u1ea1i vi\u1ec7t nam<\/p>\n\n\n\n<figure class=\"wp-block-image size-large\"><img loading=\"lazy\" decoding=\"async\" width=\"1024\" height=\"625\" src=\"https:\/\/xn--snxutthngmisnphmtheoyucu-lgc758btlg920elbao4c6esc.vn\/wp-content\/uploads\/2026\/04\/Gemini_Generated_Image_w832xew832xew832-1024x625.png\" alt=\"\" class=\"wp-image-38\" srcset=\"https:\/\/xn--snxutthngmisnphmtheoyucu-lgc758btlg920elbao4c6esc.vn\/wp-content\/uploads\/2026\/04\/Gemini_Generated_Image_w832xew832xew832-1024x625.png 1024w, https:\/\/xn--snxutthngmisnphmtheoyucu-lgc758btlg920elbao4c6esc.vn\/wp-content\/uploads\/2026\/04\/Gemini_Generated_Image_w832xew832xew832-300x183.png 300w, https:\/\/xn--snxutthngmisnphmtheoyucu-lgc758btlg920elbao4c6esc.vn\/wp-content\/uploads\/2026\/04\/Gemini_Generated_Image_w832xew832xew832-768x469.png 768w, https:\/\/xn--snxutthngmisnphmtheoyucu-lgc758btlg920elbao4c6esc.vn\/wp-content\/uploads\/2026\/04\/Gemini_Generated_Image_w832xew832xew832.png 1311w\" sizes=\"auto, (max-width: 1024px) 100vw, 1024px\" \/><\/figure>\n","protected":false},"excerpt":{"rendered":"<p>SELAMLIQUE kh\u00f4ng ch\u1ec9 l\u00e0 m\u1ed9t t\u00e1ch c\u00e0 ph\u00ea, m\u00e0 l\u00e0 m\u1ed9t cu\u1ed9c h\u1ed9i ng\u1ed9 gi\u1eefa di s\u1ea3n v\u0103n h\u00f3a th\u01b0\u1ee3ng&hellip;<\/p>\n","protected":false},"author":1,"featured_media":0,"parent":0,"menu_order":0,"comment_status":"closed","ping_status":"closed","template":"","meta":{"footnotes":""},"class_list":["post-37","page","type-page","status-publish","hentry"],"_links":{"self":[{"href":"https:\/\/xn--snxutthngmisnphmtheoyucu-lgc758btlg920elbao4c6esc.vn\/index.php?rest_route=\/wp\/v2\/pages\/37","targetHints":{"allow":["GET"]}}],"collection":[{"href":"https:\/\/xn--snxutthngmisnphmtheoyucu-lgc758btlg920elbao4c6esc.vn\/index.php?rest_route=\/wp\/v2\/pages"}],"about":[{"href":"https:\/\/xn--snxutthngmisnphmtheoyucu-lgc758btlg920elbao4c6esc.vn\/index.php?rest_route=\/wp\/v2\/types\/page"}],"author":[{"embeddable":true,"href":"https:\/\/xn--snxutthngmisnphmtheoyucu-lgc758btlg920elbao4c6esc.vn\/index.php?rest_route=\/wp\/v2\/users\/1"}],"replies":[{"embeddable":true,"href":"https:\/\/xn--snxutthngmisnphmtheoyucu-lgc758btlg920elbao4c6esc.vn\/index.php?rest_route=%2Fwp%2Fv2%2Fcomments&post=37"}],"version-history":[{"count":1,"href":"https:\/\/xn--snxutthngmisnphmtheoyucu-lgc758btlg920elbao4c6esc.vn\/index.php?rest_route=\/wp\/v2\/pages\/37\/revisions"}],"predecessor-version":[{"id":39,"href":"https:\/\/xn--snxutthngmisnphmtheoyucu-lgc758btlg920elbao4c6esc.vn\/index.php?rest_route=\/wp\/v2\/pages\/37\/revisions\/39"}],"wp:attachment":[{"href":"https:\/\/xn--snxutthngmisnphmtheoyucu-lgc758btlg920elbao4c6esc.vn\/index.php?rest_route=%2Fwp%2Fv2%2Fmedia&parent=37"}],"curies":[{"name":"wp","href":"https:\/\/api.w.org\/{rel}","templated":true}]}}