{"id":40,"date":"2026-04-24T13:27:20","date_gmt":"2026-04-24T13:27:20","guid":{"rendered":"https:\/\/xn--snxutthngmisnphmtheoyucu-lgc758btlg920elbao4c6esc.vn\/?page_id=40"},"modified":"2026-04-24T14:00:18","modified_gmt":"2026-04-24T14:00:18","slug":"carroux","status":"publish","type":"page","link":"https:\/\/xn--snxutthngmisnphmtheoyucu-lgc758btlg920elbao4c6esc.vn\/?page_id=40","title":{"rendered":"CARROUX"},"content":{"rendered":"\n<p>C\u00e0 ph\u00ea CARROUX Vi\u1ec7t Nam l\u00e0 s\u1ef1 kh\u1eb3ng \u0111\u1ecbnh v\u1ec1 <strong>b\u1ea3n s\u1eafc tinh t\u1ebf v\u00e0 chi\u1ec1u s\u00e2u c\u1ee7a s\u1ef1 nguy\u00ean b\u1ea3n<\/strong>. Tinh th\u1ea7n c\u1ee7a nh\u00e3n hi\u1ec7u kh\u00f4ng n\u1eb1m \u1edf nh\u1eefng h\u00e0o nho\u00e1ng nh\u1ea5t th\u1eddi, m\u00e0 \u1ea9n m\u00ecnh trong s\u1ef1 t\u0129nh l\u1eb7ng, t\u1eadp trung v\u00e0o gi\u00e1 tr\u1ecb th\u1ef1c th\u1ee5 c\u1ee7a t\u1eebng tr\u1ea3i nghi\u1ec7m th\u01b0\u1edfng th\u1ee9c. CARROUX \u0111\u1ea1i di\u1ec7n cho m\u1ed9t t\u01b0 duy th\u1ea9m m\u1ef9 hi\u1ec7n \u0111\u1ea1i: t\u1ed1i gi\u1ea3n trong h\u00ecnh th\u1ee9c nh\u01b0ng kh\u1eaft khe trong ch\u1ea5t l\u01b0\u1ee3ng, n\u01a1i m\u1ed7i s\u1ea3n ph\u1ea9m l\u00e0 m\u1ed9t nh\u1ecbp c\u1ea7u n\u1ed1i li\u1ec1n gi\u1eefa s\u1ef1 \u0111am m\u00ea thu\u1ea7n t\u00fay v\u00e0 phong c\u00e1ch s\u1ed1ng l\u1ecbch l\u00e3m c\u1ee7a nh\u1eefng t\u00e2m h\u1ed3n s\u00e0nh s\u1ecfi.<\/p>\n\n\n\n<p>V\u1ec1 ph\u01b0\u01a1ng di\u1ec7n chi\u1ebfn l\u01b0\u1ee3c, CARROUX \u0111\u1ecbnh h\u00ecnh h\u01b0\u1edbng \u0111i qua vi\u1ec7c <strong>ki\u1ebfn t\u1ea1o s\u1ef1 kh\u00e1c bi\u1ec7t t\u1eeb chi\u1ec1u s\u00e2u<\/strong>. Marketing c\u1ee7a th\u01b0\u01a1ng hi\u1ec7u kh\u00f4ng ch\u1ec9 l\u00e0 qu\u1ea3ng b\u00e1 s\u1ea3n ph\u1ea9m, m\u00e0 l\u00e0 lan t\u1ecfa m\u1ed9t tri\u1ebft l\u00fd v\u1ec1 s\u1ef1 t\u1eadn t\u00e2m v\u00e0 t\u00ednh minh b\u1ea1ch. Ch\u00fang t\u00f4i x\u00e2y d\u1ef1ng ni\u1ec1m tin v\u1edbi kh\u00e1ch h\u00e0ng b\u1eb1ng s\u1ef1 ch\u00e2n th\u1ef1c, t\u1eadp trung v\u00e0o vi\u1ec7c thi\u1ebft l\u1eadp m\u1ed9t chu\u1ea9n m\u1ef1c m\u1edbi cho th\u1ecb tr\u01b0\u1eddng c\u00e0 ph\u00ea cao c\u1ea5p t\u1ea1i Vi\u1ec7t Nam. B\u1eb1ng c\u00e1ch k\u1ebft n\u1ed1i nh\u1eefng gi\u00e1 tr\u1ecb truy\u1ec1n th\u1ed1ng v\u1edbi nh\u1ecbp s\u1ed1ng n\u0103ng \u0111\u1ed9ng, CARROUX t\u1ef1 h\u00e0o l\u00e0 ng\u01b0\u1eddi \u0111\u1ed3ng h\u00e0nh c\u00f9ng nh\u1eefng c\u00e1 nh\u00e2n \u0111ang t\u00ecm ki\u1ebfm m\u1ed9t d\u1ea5u \u1ea5n ri\u00eang bi\u1ec7t, m\u1ea1nh m\u1ebd v\u00e0 \u0111\u1ea7y c\u1ea3m h\u1ee9ng trong h\u00e0nh tr\u00ecnh kh\u1eb3ng \u0111\u1ecbnh b\u1ea3n th\u00e2n.<\/p>\n\n\n\n<hr class=\"wp-block-separator has-alpha-channel-opacity\"\/>\n\n\n\n<p><strong>li\u00ean h\u1ec7 \u0111\u1ed1i t\u00e1c:<\/strong><\/p>\n\n\n\n<p>\u0110\u1ec3 nh\u1eadn b\u1ed9 h\u1ed3 s\u01a1 marketing tham kh\u1ea3o c\u0169ng nh\u01b0 trao \u0111\u1ed5i s\u00e2u h\u01a1n v\u1ec1 c\u00e1c ph\u01b0\u01a1ng \u00e1n h\u1ee3p t\u00e1c s\u1ea3n xu\u1ea5t v\u00e0 ph\u00e1t tri\u1ec3n h\u1ec7 th\u1ed1ng ph\u00e2n ph\u1ed1i b\u1ec1n v\u1eefng, qu\u00fd \u0111\u1ed1i t\u00e1c vui l\u00f2ng g\u1eedi email v\u1ec1 cho ch\u00fang t\u00f4i<\/p>\n\n\n\n<p>Ch\u00fang t\u00f4i tin r\u1eb1ng s\u1ef1 \u0111\u1ed3ng \u0111i\u1ec7u trong t\u1ea7m nh\u00ecn s\u1ebd l\u00e0 n\u1ec1n t\u1ea3ng v\u1eefng ch\u1eafc \u0111\u1ec3 c\u00f9ng nhau \u0111\u01b0a th\u01b0\u01a1ng hi\u1ec7u CARROUX v\u01b0\u01a1n t\u1edbi nh\u1eefng c\u1ed9t m\u1ed1c m\u1edbi.<\/p>\n\n\n\n<p>Carroux l\u00e0 c\u00f3 c\u00e1c d\u00f2ng c\u00e0 ph\u00ea \u0111\u1eb7c s\u1ea3n t\u1eeb robusta \u0111\u1ebfn arabica . Hi\u1ec7n t\u1ea1i , carroux \u0111ang h\u1ee3p t\u00e1c c\u00f9ng Aryup trong ph\u00e1t tri\u1ec3n s\u1ea3n ph\u1ea9m , t\u00ecm hi\u1ec3u th\u1ecb hi\u1ebfu , v\u00e0 qu\u1ea3ng b\u00e1 \u0111\u1ebfn kh\u00e1ch h\u00e0ng. Carroux \u0111\u01b0\u1ee3c b\u1ea3o h\u1ed9 \u0111\u1ed9c quy\u1ec1n theo s\u1ed1 4-0461479-000 c\u00e1c s\u1ea3n ph\u1ea9m : c\u00e0 ph\u00ea \u2022 c\u00e0 ph\u00ea ch\u01b0a rang \u2022 \u0111\u1ed3 u\u1ed1ng tr\u00ean c\u01a1 s\u1edf c\u00e0 ph\u00ea \u2022 s\u00f4c\u00f4la \u2022 s\u00f4c\u00f4la nhuy\u1ec5n d\u1ea1ng s\u1ec7t \u2022 b\u00e1nh k\u1eb9o<br><br><\/p>\n\n\n\n<figure class=\"wp-block-image size-large\"><img loading=\"lazy\" decoding=\"async\" width=\"1024\" height=\"559\" src=\"https:\/\/xn--snxutthngmisnphmtheoyucu-lgc758btlg920elbao4c6esc.vn\/wp-content\/uploads\/2026\/04\/Gemini_Generated_Image_ksnowbksnowbksno-1024x559.png\" alt=\"\" class=\"wp-image-41\" srcset=\"https:\/\/xn--snxutthngmisnphmtheoyucu-lgc758btlg920elbao4c6esc.vn\/wp-content\/uploads\/2026\/04\/Gemini_Generated_Image_ksnowbksnowbksno-1024x559.png 1024w, https:\/\/xn--snxutthngmisnphmtheoyucu-lgc758btlg920elbao4c6esc.vn\/wp-content\/uploads\/2026\/04\/Gemini_Generated_Image_ksnowbksnowbksno-300x164.png 300w, https:\/\/xn--snxutthngmisnphmtheoyucu-lgc758btlg920elbao4c6esc.vn\/wp-content\/uploads\/2026\/04\/Gemini_Generated_Image_ksnowbksnowbksno-768x419.png 768w, https:\/\/xn--snxutthngmisnphmtheoyucu-lgc758btlg920elbao4c6esc.vn\/wp-content\/uploads\/2026\/04\/Gemini_Generated_Image_ksnowbksnowbksno.png 1408w\" sizes=\"auto, (max-width: 1024px) 100vw, 1024px\" \/><\/figure>\n","protected":false},"excerpt":{"rendered":"<p>C\u00e0 ph\u00ea CARROUX Vi\u1ec7t Nam l\u00e0 s\u1ef1 kh\u1eb3ng \u0111\u1ecbnh v\u1ec1 b\u1ea3n s\u1eafc tinh t\u1ebf v\u00e0 chi\u1ec1u s\u00e2u c\u1ee7a s\u1ef1 nguy\u00ean&hellip;<\/p>\n","protected":false},"author":1,"featured_media":0,"parent":0,"menu_order":0,"comment_status":"closed","ping_status":"closed","template":"","meta":{"footnotes":""},"class_list":["post-40","page","type-page","status-publish","hentry"],"_links":{"self":[{"href":"https:\/\/xn--snxutthngmisnphmtheoyucu-lgc758btlg920elbao4c6esc.vn\/index.php?rest_route=\/wp\/v2\/pages\/40","targetHints":{"allow":["GET"]}}],"collection":[{"href":"https:\/\/xn--snxutthngmisnphmtheoyucu-lgc758btlg920elbao4c6esc.vn\/index.php?rest_route=\/wp\/v2\/pages"}],"about":[{"href":"https:\/\/xn--snxutthngmisnphmtheoyucu-lgc758btlg920elbao4c6esc.vn\/index.php?rest_route=\/wp\/v2\/types\/page"}],"author":[{"embeddable":true,"href":"https:\/\/xn--snxutthngmisnphmtheoyucu-lgc758btlg920elbao4c6esc.vn\/index.php?rest_route=\/wp\/v2\/users\/1"}],"replies":[{"embeddable":true,"href":"https:\/\/xn--snxutthngmisnphmtheoyucu-lgc758btlg920elbao4c6esc.vn\/index.php?rest_route=%2Fwp%2Fv2%2Fcomments&post=40"}],"version-history":[{"count":3,"href":"https:\/\/xn--snxutthngmisnphmtheoyucu-lgc758btlg920elbao4c6esc.vn\/index.php?rest_route=\/wp\/v2\/pages\/40\/revisions"}],"predecessor-version":[{"id":48,"href":"https:\/\/xn--snxutthngmisnphmtheoyucu-lgc758btlg920elbao4c6esc.vn\/index.php?rest_route=\/wp\/v2\/pages\/40\/revisions\/48"}],"wp:attachment":[{"href":"https:\/\/xn--snxutthngmisnphmtheoyucu-lgc758btlg920elbao4c6esc.vn\/index.php?rest_route=%2Fwp%2Fv2%2Fmedia&parent=40"}],"curies":[{"name":"wp","href":"https:\/\/api.w.org\/{rel}","templated":true}]}}