{"id":44,"date":"2026-04-24T13:42:51","date_gmt":"2026-04-24T13:42:51","guid":{"rendered":"https:\/\/xn--snxutthngmisnphmtheoyucu-lgc758btlg920elbao4c6esc.vn\/?page_id=44"},"modified":"2026-04-24T13:42:51","modified_gmt":"2026-04-24T13:42:51","slug":"guittard","status":"publish","type":"page","link":"https:\/\/xn--snxutthngmisnphmtheoyucu-lgc758btlg920elbao4c6esc.vn\/?page_id=44","title":{"rendered":"GUITTARD"},"content":{"rendered":"\n<p>\u0110\u1ec3 nh\u1eadn b\u1ed9 t\u00e0i li\u1ec7u marketing tham kh\u1ea3o v\u00e0 t\u00ecm hi\u1ec3u th\u00eam v\u1ec1 \u0111\u1ecbnh h\u01b0\u1edbng ph\u00e1t tri\u1ec3n th\u01b0\u01a1ng hi\u1ec7u, qu\u00fd \u0111\u1ed1i t\u00e1c vui l\u00f2ng g\u1eedi email v\u1ec1 cho ch\u00fang t\u00f4i.<\/p>\n\n\n\n<p>Ch\u00fang t\u00f4i s\u1eb5n s\u00e0ng th\u1ea3o lu\u1eadn v\u1ec1 c\u00e1c c\u01a1 h\u1ed9i h\u1ee3p t\u00e1c s\u1ea3n xu\u1ea5t v\u00e0 thi\u1ebft l\u1eadp m\u1ea1ng l\u01b0\u1edbi ph\u00e2n ph\u1ed1i chi\u1ebfn l\u01b0\u1ee3c \u0111\u1ec3 c\u00f9ng lan t\u1ecfa gi\u00e1 tr\u1ecb c\u1ee7a GUITTARD t\u1ea1i th\u1ecb tr\u01b0\u1eddng Vi\u1ec7t Nam. Hi\u1ec7n t\u1ea1i, Aryup l\u00e0 \u0111\u01a1n v\u1ecb marketing theo t\u1eebng th\u00e1ng c\u0169ng nh\u01b0 c\u00f3 ho\u1ea1t \u0111\u1ed9ng v\u1ec1 \u0111i\u1ec3u tra th\u1ecb hi\u1ebfu gi\u00fap \u0111i\u1ec1u ch\u1ec9nh c\u0169ng nh\u01b0 ph\u00e1t tri\u1ec3n c\u00e1c \u0111\u1ed1i t\u00e1c c\u1ee7a GUITTARD . GUITTARD  \u0111\u01b0\u1ee3c b\u1ea3o h\u1ed9 \u0111\u1ed9c quy\u1ec1n theo s\u1ed1 : 4-0461480-000 . S\u1ea3n ph\u1ea9m ch\u00ednh c\u1ee7a GUITTARD   : c\u00e0 ph\u00ea \u2022 ca cao \u2022 tr\u00e0 \u2022 s\u00f4 c\u00f4 la \u2022 m\u1eadt ong \u2022 b\u00e1nh k\u1eb9o<\/p>\n\n\n\n<p>GUITTARD Vi\u1ec7t Nam l\u00e0 bi\u1ec3u t\u01b0\u1ee3ng c\u1ee7a <strong>s\u1ef1 k\u1ebf th\u1eeba di s\u1ea3n v\u00e0 t\u01b0 duy ngh\u1ec7 thu\u1eadt v\u1ecb nh\u00e2n sinh<\/strong>. Tinh th\u1ea7n c\u1ee7a nh\u00e3n hi\u1ec7u kh\u00f4ng ch\u1ec9 d\u1eebng l\u1ea1i \u1edf h\u01b0\u01a1ng v\u1ecb, m\u00e0 l\u00e0 s\u1ef1 t\u00f4n vinh \u0111\u1ed1i v\u1edbi tay ngh\u1ec1 th\u1ee7 c\u00f4ng b\u1eadc th\u1ea7y v\u00e0 ni\u1ec1m \u0111am m\u00ea b\u1ea5t t\u1eadn trong vi\u1ec7c kh\u00e1m ph\u00e1 nh\u1eefng t\u1ea7ng s\u00e2u c\u1ea3m x\u00fac c\u1ee7a cacao. GUITTARD \u0111\u1ea1i di\u1ec7n cho m\u1ed9t phong c\u00e1ch s\u1ed1ng c\u00f3 gu, n\u01a1i s\u1ef1 sang tr\u1ecdng \u0111\u01b0\u1ee3c \u0111\u1ecbnh ngh\u0129a b\u1eb1ng s\u1ef1 hi\u1ec3u bi\u1ebft v\u00e0 tr\u00e2n tr\u1ecdng nh\u1eefng gi\u00e1 tr\u1ecb truy\u1ec1n th\u1ed1ng \u0111\u01b0\u1ee3c g\u00ecn gi\u1eef qua nhi\u1ec1u th\u1ebf h\u1ec7, mang \u0111\u1ebfn m\u1ed9t l\u00e0n gi\u00f3 m\u1edbi \u0111\u1ea7y tinh t\u1ebf cho n\u1ec1n v\u0103n h\u00f3a th\u01b0\u1edfng th\u1ee9c chocolate t\u1ea1i Vi\u1ec7t Nam.<\/p>\n\n\n\n<p>Tr\u00ean h\u00e0nh tr\u00ecnh kh\u1eb3ng \u0111\u1ecbnh v\u1ecb th\u1ebf, GUITTARD t\u1eadp trung v\u00e0o chi\u1ebfn l\u01b0\u1ee3c <strong>marketing truy\u1ec1n c\u1ea3m h\u1ee9ng v\u00e0 b\u1ec1n v\u1eefng<\/strong>. Ch\u00fang t\u00f4i kh\u00f4ng ch\u1ec9 gi\u1edbi thi\u1ec7u nh\u1eefng d\u00f2ng chocolate cao c\u1ea5p, m\u00e0 c\u00f2n ki\u1ebfn t\u1ea1o m\u1ed9t c\u1ed9ng \u0111\u1ed3ng c\u1ee7a nh\u1eefng ng\u01b0\u1eddi \u0111am m\u00ea s\u1ef1 ho\u00e0n m\u1ef9, n\u01a1i m\u1ed7i s\u1ea3n ph\u1ea9m l\u00e0 m\u1ed9t c\u00e2u chuy\u1ec7n v\u1ec1 s\u1ef1 t\u1eadn t\u00e2m v\u00e0 \u0111\u1ea1o \u0111\u1ee9c ngh\u1ec1 nghi\u1ec7p. B\u1eb1ng c\u00e1ch k\u1ebft n\u1ed1i t\u00e2m h\u1ed3n ng\u01b0\u1eddi th\u01b0\u1edfng th\u1ee9c v\u1edbi nh\u1eefng gi\u00e1 tr\u1ecb nguy\u00ean b\u1ea3n, GUITTARD \u0111\u1ecbnh v\u1ecb m\u00ecnh l\u00e0 ng\u01b0\u1eddi d\u1eabn \u0111\u1ea7u trong vi\u1ec7c \u0111\u1ecbnh h\u00ecnh m\u1ed9t chu\u1ea9n m\u1ef1c m\u1edbi: n\u01a1i chocolate kh\u00f4ng ch\u1ec9 l\u00e0 th\u1ef1c ph\u1ea9m, m\u00e0 l\u00e0 m\u1ed9t ng\u00f4n ng\u1eef c\u1ee7a ngh\u1ec7 thu\u1eadt v\u00e0 s\u1ef1 k\u1ebft n\u1ed1i tinh hoa to\u00e0n c\u1ea7u.<\/p>\n\n\n\n<figure class=\"wp-block-image size-large\"><img loading=\"lazy\" decoding=\"async\" width=\"1024\" height=\"370\" src=\"https:\/\/xn--snxutthngmisnphmtheoyucu-lgc758btlg920elbao4c6esc.vn\/wp-content\/uploads\/2026\/04\/Gemini_Generated_Image_hvdkexhvdkexhvdk-1024x370.png\" alt=\"\" class=\"wp-image-45\" srcset=\"https:\/\/xn--snxutthngmisnphmtheoyucu-lgc758btlg920elbao4c6esc.vn\/wp-content\/uploads\/2026\/04\/Gemini_Generated_Image_hvdkexhvdkexhvdk-1024x370.png 1024w, https:\/\/xn--snxutthngmisnphmtheoyucu-lgc758btlg920elbao4c6esc.vn\/wp-content\/uploads\/2026\/04\/Gemini_Generated_Image_hvdkexhvdkexhvdk-300x108.png 300w, https:\/\/xn--snxutthngmisnphmtheoyucu-lgc758btlg920elbao4c6esc.vn\/wp-content\/uploads\/2026\/04\/Gemini_Generated_Image_hvdkexhvdkexhvdk-768x277.png 768w, https:\/\/xn--snxutthngmisnphmtheoyucu-lgc758btlg920elbao4c6esc.vn\/wp-content\/uploads\/2026\/04\/Gemini_Generated_Image_hvdkexhvdkexhvdk-1536x555.png 1536w, https:\/\/xn--snxutthngmisnphmtheoyucu-lgc758btlg920elbao4c6esc.vn\/wp-content\/uploads\/2026\/04\/Gemini_Generated_Image_hvdkexhvdkexhvdk.png 1728w\" sizes=\"auto, (max-width: 1024px) 100vw, 1024px\" \/><\/figure>\n","protected":false},"excerpt":{"rendered":"<p>\u0110\u1ec3 nh\u1eadn b\u1ed9 t\u00e0i li\u1ec7u marketing tham kh\u1ea3o v\u00e0 t\u00ecm hi\u1ec3u th\u00eam v\u1ec1 \u0111\u1ecbnh h\u01b0\u1edbng ph\u00e1t tri\u1ec3n th\u01b0\u01a1ng hi\u1ec7u, qu\u00fd&hellip;<\/p>\n","protected":false},"author":1,"featured_media":0,"parent":0,"menu_order":0,"comment_status":"closed","ping_status":"closed","template":"","meta":{"footnotes":""},"class_list":["post-44","page","type-page","status-publish","hentry"],"_links":{"self":[{"href":"https:\/\/xn--snxutthngmisnphmtheoyucu-lgc758btlg920elbao4c6esc.vn\/index.php?rest_route=\/wp\/v2\/pages\/44","targetHints":{"allow":["GET"]}}],"collection":[{"href":"https:\/\/xn--snxutthngmisnphmtheoyucu-lgc758btlg920elbao4c6esc.vn\/index.php?rest_route=\/wp\/v2\/pages"}],"about":[{"href":"https:\/\/xn--snxutthngmisnphmtheoyucu-lgc758btlg920elbao4c6esc.vn\/index.php?rest_route=\/wp\/v2\/types\/page"}],"author":[{"embeddable":true,"href":"https:\/\/xn--snxutthngmisnphmtheoyucu-lgc758btlg920elbao4c6esc.vn\/index.php?rest_route=\/wp\/v2\/users\/1"}],"replies":[{"embeddable":true,"href":"https:\/\/xn--snxutthngmisnphmtheoyucu-lgc758btlg920elbao4c6esc.vn\/index.php?rest_route=%2Fwp%2Fv2%2Fcomments&post=44"}],"version-history":[{"count":1,"href":"https:\/\/xn--snxutthngmisnphmtheoyucu-lgc758btlg920elbao4c6esc.vn\/index.php?rest_route=\/wp\/v2\/pages\/44\/revisions"}],"predecessor-version":[{"id":46,"href":"https:\/\/xn--snxutthngmisnphmtheoyucu-lgc758btlg920elbao4c6esc.vn\/index.php?rest_route=\/wp\/v2\/pages\/44\/revisions\/46"}],"wp:attachment":[{"href":"https:\/\/xn--snxutthngmisnphmtheoyucu-lgc758btlg920elbao4c6esc.vn\/index.php?rest_route=%2Fwp%2Fv2%2Fmedia&parent=44"}],"curies":[{"name":"wp","href":"https:\/\/api.w.org\/{rel}","templated":true}]}}