{"id":52,"date":"2026-04-24T14:29:15","date_gmt":"2026-04-24T14:29:15","guid":{"rendered":"https:\/\/xn--snxutthngmisnphmtheoyucu-lgc758btlg920elbao4c6esc.vn\/?page_id=52"},"modified":"2026-04-24T14:29:15","modified_gmt":"2026-04-24T14:29:15","slug":"tramontano","status":"publish","type":"page","link":"https:\/\/xn--snxutthngmisnphmtheoyucu-lgc758btlg920elbao4c6esc.vn\/?page_id=52","title":{"rendered":"TRAMONTANO"},"content":{"rendered":"\n<p>T\u00fai x\u00e1ch TRAMONTANO Vi\u1ec7t Nam l\u00e0 s\u1ef1 kh\u1eb3ng \u0111\u1ecbnh v\u1ec1 <strong>t\u01b0 duy th\u1ea9m m\u1ef9 th\u01b0\u1ee3ng l\u01b0u v\u00e0 di s\u1ea3n c\u1ee7a ngh\u1ec7 thu\u1eadt ch\u1ebf t\u00e1c th\u1ee7 c\u00f4ng<\/strong>. Tinh th\u1ea7n c\u1ee7a nh\u00e3n hi\u1ec7u kh\u00f4ng ch\u1ec9 n\u1eb1m \u1edf nh\u1eefng \u0111\u01b0\u1eddng n\u00e9t h\u00ecnh kh\u1ed1i, m\u00e0 l\u00e0 s\u1ef1 t\u00f4n vinh v\u1ebb \u0111\u1eb9p v\u0129nh c\u1eedu, n\u01a1i m\u1ed7i chi\u1ebfc t\u00fai x\u00e1ch \u0111\u01b0\u1ee3c xem nh\u01b0 m\u1ed9t bi\u1ec3u t\u01b0\u1ee3ng c\u1ee7a s\u1ef1 l\u1ecbch l\u00e3m v\u00e0 b\u1ea3n s\u1eafc c\u00e1 nh\u00e2n \u0111\u1ed9c b\u1ea3n. TRAMONTANO \u0111\u1ea1i di\u1ec7n cho l\u1ed1i s\u1ed1ng c\u1ee7a nh\u1eefng ng\u01b0\u1eddi d\u1eabn \u0111\u1ea7u\u2014nh\u1eefng c\u00e1 nh\u00e2n tr\u00e2n tr\u1ecdng gi\u00e1 tr\u1ecb c\u1ee7a th\u1eddi gian, s\u1ef1 tinh x\u1ea3o trong t\u1eebng chi ti\u1ebft nh\u1ecf v\u00e0 mong mu\u1ed1n t\u00ecm th\u1ea5y m\u1ed9t ng\u01b0\u1eddi b\u1ea1n \u0111\u1ed3ng h\u00e0nh ph\u1ea3n chi\u1ebfu phong th\u00e1i t\u1ef1 tin, sang tr\u1ecdng nh\u01b0ng kh\u00f4ng ph\u00f4 tr\u01b0\u01a1ng.<\/p>\n\n\n\n<p>V\u1ec1 ph\u01b0\u01a1ng di\u1ec7n chi\u1ebfn l\u01b0\u1ee3c, TRAMONTANO \u0111\u1ecbnh v\u1ecb m\u00ecnh trong ph\u00e2n kh\u00fac <strong>ph\u1ee5 ki\u1ec7n cao c\u1ea5p mang t\u00ednh di s\u1ea3n<\/strong>. Marketing c\u1ee7a th\u01b0\u01a1ng hi\u1ec7u t\u1eadp trung v\u00e0o vi\u1ec7c ki\u1ebfn t\u1ea1o nh\u1eefng tr\u1ea3i nghi\u1ec7m c\u1ea3m x\u00fac c\u00e1 nh\u00e2n h\u00f3a, n\u01a1i kh\u00e1ch h\u00e0ng kh\u00f4ng ch\u1ec9 s\u1edf h\u1eefu m\u1ed9t m\u00f3n \u0111\u1ed3 da m\u00e0 c\u00f2n s\u1edf h\u1eefu m\u1ed9t c\u00e2u chuy\u1ec7n v\u1ec1 ni\u1ec1m \u0111am m\u00ea v\u00e0 s\u1ef1 t\u1eadn t\u1ee5y. Ch\u00fang t\u00f4i x\u00e2y d\u1ef1ng m\u1ed9t ng\u00f4n ng\u1eef th\u01b0\u01a1ng hi\u1ec7u tinh t\u1ebf, k\u1ebft n\u1ed1i gi\u1eefa b\u1ec1 d\u00e0y l\u1ecbch s\u1eed truy\u1ec1n th\u1ed1ng v\u00e0 h\u01a1i th\u1edf n\u0103ng \u0111\u1ed9ng c\u1ee7a th\u1eddi \u0111\u1ea1i, nh\u1eb1m x\u00e1c l\u1eadp m\u1ed9t chu\u1ea9n m\u1ef1c m\u1edbi cho ng\u00e0nh h\u00e0ng xa x\u1ec9 t\u1ea1i Vi\u1ec7t Nam, n\u01a1i s\u1ef1 \u0111\u1eb3ng c\u1ea5p \u0111\u01b0\u1ee3c \u0111o b\u1eb1ng chi\u1ec1u s\u00e2u c\u1ee7a v\u0103n h\u00f3a v\u00e0 th\u1ea9m m\u1ef9.<\/p>\n\n\n\n<hr class=\"wp-block-separator has-alpha-channel-opacity\"\/>\n\n\n\n<p><strong>li\u00ean h\u1ec7 \u0111\u1ed1i t\u00e1c:<\/strong><\/p>\n\n\n\n<p>\u0110\u1ec3 nh\u1eadn b\u1ed9 t\u00e0i li\u1ec7u marketing tham kh\u1ea3o v\u00e0 trao \u0111\u1ed5i v\u1ec1 c\u00e1c ph\u01b0\u01a1ng \u00e1n h\u1ee3p t\u00e1c s\u1ea3n xu\u1ea5t, ph\u00e1t tri\u1ec3n h\u1ec7 th\u1ed1ng ph\u00e2n ph\u1ed1i chi\u1ebfn l\u01b0\u1ee3c cho d\u00f2ng s\u1ea3n ph\u1ea9m t\u00fai x\u00e1ch cao c\u1ea5p TRAMONTANO , qu\u00fd \u0111\u1ed1i t\u00e1c vui l\u00f2ng g\u1eedi email v\u1ec1 cho ch\u00fang t\u00f4i.<\/p>\n\n\n\n<p>Ch\u00fang t\u00f4i r\u1ea5t mong \u0111\u01b0\u1ee3c k\u1ebft n\u1ed1i v\u1edbi nh\u1eefng \u0111\u1ed1i t\u00e1c c\u00f3 c\u00f9ng t\u1ea7m nh\u00ecn \u0111\u1ec3 c\u00f9ng nhau n\u00e2ng t\u1ea7m th\u01b0\u01a1ng hi\u1ec7u TRAMONTANO t\u1ea1i th\u1ecb tr\u01b0\u1eddng Vi\u1ec7t Nam. TRAMONTANO \u0111\u01b0\u1ee3c b\u1ea3o h\u1ed9 theo s\u1ed1 4-0551135-000 . c\u00e1c s\u1ea3n ph\u1ea9m c\u1ee7a TRAMONTANO bao g\u1ed3m: bao\/t\u00fai\/b\u1ecb\/x\u1eafc \u2022 t\u00fai x\u00e1ch tay \u2022 v\u00ed b\u1ecf t\u00fai \u2022 ba l\u00f4 \u2022 t\u00fai du l\u1ecbch \u2022 t\u00fai c\u1ea7m tay cho n\u1eef<br><\/p>\n\n\n\n<figure class=\"wp-block-image size-large\"><img loading=\"lazy\" decoding=\"async\" width=\"1024\" height=\"437\" src=\"https:\/\/xn--snxutthngmisnphmtheoyucu-lgc758btlg920elbao4c6esc.vn\/wp-content\/uploads\/2026\/04\/Gemini_Generated_Image_ijkg3fijkg3fijkg-1024x437.png\" alt=\"\" class=\"wp-image-53\" srcset=\"https:\/\/xn--snxutthngmisnphmtheoyucu-lgc758btlg920elbao4c6esc.vn\/wp-content\/uploads\/2026\/04\/Gemini_Generated_Image_ijkg3fijkg3fijkg-1024x437.png 1024w, https:\/\/xn--snxutthngmisnphmtheoyucu-lgc758btlg920elbao4c6esc.vn\/wp-content\/uploads\/2026\/04\/Gemini_Generated_Image_ijkg3fijkg3fijkg-300x128.png 300w, https:\/\/xn--snxutthngmisnphmtheoyucu-lgc758btlg920elbao4c6esc.vn\/wp-content\/uploads\/2026\/04\/Gemini_Generated_Image_ijkg3fijkg3fijkg-768x328.png 768w, https:\/\/xn--snxutthngmisnphmtheoyucu-lgc758btlg920elbao4c6esc.vn\/wp-content\/uploads\/2026\/04\/Gemini_Generated_Image_ijkg3fijkg3fijkg-1536x655.png 1536w, https:\/\/xn--snxutthngmisnphmtheoyucu-lgc758btlg920elbao4c6esc.vn\/wp-content\/uploads\/2026\/04\/Gemini_Generated_Image_ijkg3fijkg3fijkg.png 1575w\" sizes=\"auto, (max-width: 1024px) 100vw, 1024px\" \/><\/figure>\n","protected":false},"excerpt":{"rendered":"<p>T\u00fai x\u00e1ch TRAMONTANO Vi\u1ec7t Nam l\u00e0 s\u1ef1 kh\u1eb3ng \u0111\u1ecbnh v\u1ec1 t\u01b0 duy th\u1ea9m m\u1ef9 th\u01b0\u1ee3ng l\u01b0u v\u00e0 di s\u1ea3n c\u1ee7a&hellip;<\/p>\n","protected":false},"author":1,"featured_media":0,"parent":0,"menu_order":0,"comment_status":"closed","ping_status":"closed","template":"","meta":{"footnotes":""},"class_list":["post-52","page","type-page","status-publish","hentry"],"_links":{"self":[{"href":"https:\/\/xn--snxutthngmisnphmtheoyucu-lgc758btlg920elbao4c6esc.vn\/index.php?rest_route=\/wp\/v2\/pages\/52","targetHints":{"allow":["GET"]}}],"collection":[{"href":"https:\/\/xn--snxutthngmisnphmtheoyucu-lgc758btlg920elbao4c6esc.vn\/index.php?rest_route=\/wp\/v2\/pages"}],"about":[{"href":"https:\/\/xn--snxutthngmisnphmtheoyucu-lgc758btlg920elbao4c6esc.vn\/index.php?rest_route=\/wp\/v2\/types\/page"}],"author":[{"embeddable":true,"href":"https:\/\/xn--snxutthngmisnphmtheoyucu-lgc758btlg920elbao4c6esc.vn\/index.php?rest_route=\/wp\/v2\/users\/1"}],"replies":[{"embeddable":true,"href":"https:\/\/xn--snxutthngmisnphmtheoyucu-lgc758btlg920elbao4c6esc.vn\/index.php?rest_route=%2Fwp%2Fv2%2Fcomments&post=52"}],"version-history":[{"count":1,"href":"https:\/\/xn--snxutthngmisnphmtheoyucu-lgc758btlg920elbao4c6esc.vn\/index.php?rest_route=\/wp\/v2\/pages\/52\/revisions"}],"predecessor-version":[{"id":54,"href":"https:\/\/xn--snxutthngmisnphmtheoyucu-lgc758btlg920elbao4c6esc.vn\/index.php?rest_route=\/wp\/v2\/pages\/52\/revisions\/54"}],"wp:attachment":[{"href":"https:\/\/xn--snxutthngmisnphmtheoyucu-lgc758btlg920elbao4c6esc.vn\/index.php?rest_route=%2Fwp%2Fv2%2Fmedia&parent=52"}],"curies":[{"name":"wp","href":"https:\/\/api.w.org\/{rel}","templated":true}]}}